{"id":9313,"date":"2023-06-19T10:17:53","date_gmt":"2023-06-19T10:17:53","guid":{"rendered":"https:\/\/www.mim-ocean.com\/politica-privacidad\/"},"modified":"2023-06-19T10:17:53","modified_gmt":"2023-06-19T10:17:53","slug":"politica-privacidad","status":"publish","type":"page","link":"https:\/\/mim-ocean.com\/en\/politica-privacidad\/","title":{"rendered":"Pol\u00edtica de privacidad"},"content":{"rendered":"\n<h4 class=\"wp-block-heading\">MED CAT YATCHTS, S.L. (en adelante, \u201cMEDCAT\u201d) trata de respetar la privacidad de las personas usuarias aplicando pr\u00e1cticas dise\u00f1adas para proteger la privacidad de las personas usuarias de su Web. Entendemos que la informaci\u00f3n es la base de las relaciones humanas en el espacio virtual y que la recogida y el uso responsable de la misma, es de vital importancia para que las personas usuarias que naveguen por nuestra Web se sientan c\u00f3modas y protegidas.<\/h4>\n\n\n\n<p>La presente Pol\u00edtica de Privacidad regula los tratamientos de datos personales dentro de la web&nbsp;<a href=\"https:\/\/mim-ocean.com\">https:\/\/mim-ocean.com\/<\/a>&nbsp;(en adelante, la \u201cWeb\u201d) de la que es responsable MED CAT YATCHTS, S.L.<\/p>\n\n\n\n<p><strong>1. Recogida, tratamiento y uso de los datos personales<\/strong><\/p>\n\n\n\n<p>En cumplimiento de lo dispuesto por el Reglamento 2016\/679, del Parlamento Europeo y del Consejo, de 27 de abril de 2016, as\u00ed como de la Ley Org\u00e1nica 3\/2018 de Protecci\u00f3n de Datos y de los Derechos Digitales, como responsable de la Web, informa a todas las personas usuarias que faciliten o vayan a facilitar sus datos personales, que estos ser\u00e1n objeto de tratamiento que se haya registrado entre las actividades de tratamiento de MEDCAT.<\/p>\n\n\n\n<h2 class=\"wp-block-heading\"><\/h2>\n\n\n\n<p><strong>2. Responsable del Tratamiento de datos personales<\/strong><\/p>\n\n\n\n<p>Denominaci\u00f3n: MED CAT YATCHTS, S.L.<\/p>\n\n\n\n<p>Direcci\u00f3n: Edificio El Far 2, Calle Madrid, 4, locales 4 y 5 (07820) Sant Antoni Portmany<\/p>\n\n\n\n<p>CIF: B55339261<\/p>\n\n\n\n<p>Inscrita en el Registro Mercantil de Girona, Tomo 3235, folio 214, hoja GI-65172<\/p>\n\n\n\n<p>Email de contacto:&nbsp;<a href=\"mailto:info@medcatyachts.com\">info@medcatyachts.com<\/a><\/p>\n\n\n\n<h2 class=\"wp-block-heading\"><\/h2>\n\n\n\n<p><strong>3. Finalidad de tratamiento de los datos personales<\/strong><\/p>\n\n\n\n<p>MEDCAT tratar\u00e1 los datos de las personas usuarias de su Web, con las siguientes finalidades:<\/p>\n\n\n\n<h2 class=\"wp-block-heading\">&nbsp;<\/h2>\n\n\n\n<figure class=\"wp-block-table\"><table class=\"has-fixed-layout\"><tbody><tr><td><strong>Finalidad<\/strong><\/td><td><strong>+ info<\/strong><\/td><\/tr><tr><td>1. Llevar a cabo el desarrollo, cumplimiento y ejecuci\u00f3n del contrato de alquiler que haya contratado con nosotros en la Plataforma.<\/td><td>Esta finalidad incluye el tratamiento de sus datos para, principalmente:Contactar con Ud. en relaci\u00f3n a actualizaciones o comunicaciones informativas relacionadas con las funcionalidades, productos o servicios contratados, incluyendo el env\u00edo de encuestas de calidad sobre los productos o servicios prestados.Gestionar el pago de los servicios contratados, independientemente del medio de pago utilizado.&nbsp;Activar los mecanismos necesarios con objeto de prevenir y detectar el uso indebido de la Plataforma, por ejemplo, durante el proceso de suscripci\u00f3n y devoluci\u00f3n, as\u00ed como potenciales fraudes contra Ud. y\/o contra nosotros.&nbsp;Gestionar posibles cambios o devoluciones una vez haya realizado una suscripci\u00f3n y gestionar solicitudes de informaci\u00f3n.Con fines de facturaci\u00f3n y para poner a su disposici\u00f3n las facturas correspondientes.Garantizarle el uso de otras funcionalidades o servicios en la medida en que est\u00e9n disponibles.<\/td><\/tr><tr><td>2. Para atender las solicitudes o peticiones que realice a trav\u00e9s de los canales de comunicaci\u00f3n y atenci\u00f3n al cliente.<\/td><td>S\u00f3lo tratamos los datos personales que sean estrictamente necesarios para gestionar o resolver su solicitud o petici\u00f3n.<\/td><\/tr><tr><td>3. Para fines de marketing<\/td><td>Esta finalidad incluye el tratamiento de sus datos para, principalmente:Personalizar los servicios que le ofrecemos y poder hacerle recomendaciones en funci\u00f3n de su interacci\u00f3n con nosotros en la Plataforma y del an\u00e1lisis de su perfil de persona usuaria (por ejemplo, en base a su historial de navegaci\u00f3n y suscripci\u00f3n).Mostrarle publicidad en Internet que podr\u00e1 ver cuando navegue en sitios webs y apps, por ejemplo, en redes sociales. La publicidad que veas puede mostrarse de modo aleatorio, pero en otras ocasiones se trata de publicidad que puede estar relacionada con sus preferencias y navegaci\u00f3n.Llevar a cabo acciones promocionales. Al participar en alguna acci\u00f3n promocional, nos autorizar\u00e1 expresamente a que tratemos los datos que nos facilite en funci\u00f3n de cada acci\u00f3n promocional y los podamos comunicar a trav\u00e9s de diversos medios como redes sociales o en la propia Plataforma. En cada acci\u00f3n promocional en la que participe tendr\u00e1 disponible las bases legales donde le facilitaremos informaci\u00f3n m\u00e1s detallada sobre el tratamiento de sus datos.&nbsp;<\/td><\/tr><tr><td><br>4. An\u00e1lisis de usabilidad y calidad<\/td><td><br>Si accede a nuestra Plataforma, le informamos de que trataremos sus datos de navegaci\u00f3n para fines anal\u00edticos y estad\u00edsticos, es decir, para entender la forma en la que las personas usuarias interact\u00faan con nuestra Plataforma y con las acciones que podemos llevar a cabo y as\u00ed ser capaces de introducir mejoras.Asimismo, en ocasiones realizamos acciones y encuestas de calidad destinadas a conocer el grado de satisfacci\u00f3n de nuestros clientes y personas usuarias y detectar aquellas \u00e1reas en las que podemos mejorar.&nbsp;<\/td><\/tr><\/tbody><\/table><\/figure>\n\n\n\n<p><strong>4. Legitimaci\u00f3n para el tratamiento de sus datos<\/strong><\/p>\n\n\n\n<p>La base legal que nos permite tratar sus datos personales tambi\u00e9n depende de la finalidad para la que los tratemos:<\/p>\n\n\n\n<figure class=\"wp-block-table\"><table class=\"has-fixed-layout\"><tbody><tr><td><strong>Finalidad<\/strong><\/td><td><strong>Legitimaci\u00f3n<\/strong><\/td><\/tr><tr><td>1. Llevar a cabo el desarrollo, cumplimiento y ejecuci\u00f3n del contrato de suscripci\u00f3n.<\/td><td>El tratamiento de sus datos es necesario para la ejecuci\u00f3n del contrato de suscripci\u00f3n de servicios que nos vincule con Ud.<br>Es posible que algunos tratamientos de datos asociados al proceso de contrataci\u00f3n se activen \u00fanicamente porque Ud. lo solicite o nos autorice, como es el caso del almacenamiento de los datos de pago para futuras contrataciones.&nbsp;Consideramos que tenemos un inter\u00e9s leg\u00edtimo para realizar las comprobaciones necesarias para detectar y prevenir posibles fraudes o usos fraudulentos cuando usa la Plataforma. Entendemos que el tratamiento de estos datos resulta positivo para todas las partes: para Ud. ya que nos permite poner medios para protegerle contra intentos de fraude realizados por terceros; para nosotros, porque nos permite evitar que se haga un uso indebido de la Plataforma.<\/td><\/tr><tr><td>2. Atenci\u00f3n al cliente<\/td><td>Consideramos que tenemos un inter\u00e9s leg\u00edtimo para atender las solicitudes o consultas que nos planee a trav\u00e9s de los diversos medios de contacto existentes. Entendemos que el tratamiento de estos datos resulta beneficioso para Ud. en tanto que nos permite poder atenderle adecuadamente y resolver las consultas planteadas.Cuando nos contacte, en particular, para la gesti\u00f3n de incidencias relacionadas con su pedido o el servicio adquirido a trav\u00e9s de la Plataforma, el tratamiento es necesario para la ejecuci\u00f3n del contrato.&nbsp;Cuando su consulta est\u00e9 relacionada con el ejercicio de los derechos sobre los que le informamos m\u00e1s abajo, o con reclamaciones relacionadas con nuestros servicios, lo que nos legitima para tratar sus datos es el cumplimiento de obligaciones legales por nuestra parte.&nbsp;<\/td><\/tr><tr><td>4. Marketing<\/td><td>La base leg\u00edtima para tratar sus datos con finalidades de marketing es el consentimiento que nos presta, por ejemplo cuando acepta recibir informaci\u00f3n personalizada a trav\u00e9s de diversos medios, cuando presta su consentimiento mediante la configuraci\u00f3n de las cookies o de la privacidad de su dispositivo, o cuando acepta las bases legales para participar en una acci\u00f3n promocional.Consideramos que tenemos un inter\u00e9s leg\u00edtimo ya que entendemos que el tratamiento de estos datos tambi\u00e9n resulta beneficioso para Ud. porque le permite mejorar su experiencia como persona usuaria y acceder a informaci\u00f3n de acuerdo con sus preferencias.<\/td><\/tr><tr><td><strong>5.&nbsp;<\/strong>An\u00e1lisis de usabilidad y calidad<\/td><td>Consideramos que tenemos un inter\u00e9s leg\u00edtimo para analizar la usabilidad de la Plataforma y el grado de satisfacci\u00f3n de la persona usuaria ya que entendemos que el tratamiento de esos datos tambi\u00e9n resulta beneficioso para Ud. porque la finalidad es mejorar la experiencia de la persona usuaria y ofrecer un servicio de mayor calidad.&nbsp;<\/td><\/tr><\/tbody><\/table><\/figure>\n\n\n\n<h2 class=\"wp-block-heading\"><br><\/h2>\n\n\n\n<p><strong>5. \u00bfCu\u00e1nto tiempo conservamos sus datos?<\/strong><\/p>\n\n\n\n<p>El tratamiento de los datos con las finalidades descritas se mantendr\u00e1 durante el tiempo necesario para cumplir con la finalidad de su recogida, as\u00ed como para el cumplimiento de las obligaciones legales que se deriven del tratamiento de los datos, o en su caso en el plazo establecido por Ley.<\/p>\n\n\n\n<h2 class=\"wp-block-heading\"><\/h2>\n\n\n\n<p><strong>6. Categor\u00edas de los datos tratados<\/strong><\/p>\n\n\n\n<p>En general, los datos que trataremos son:<\/p>\n\n\n\n<ul class=\"wp-block-list\">\n<li>Sus datos identificativos: nombre, apellidos, datos de contacto, pa\u00eds, tel\u00e9fono, etc.<\/li>\n\n\n\n<li>Informaci\u00f3n econ\u00f3mica y transaccional: datos de pago o de tarjeta, informaci\u00f3n acerca de pedidos, etc.<\/li>\n<\/ul>\n\n\n\n<h2 class=\"wp-block-heading\"><\/h2>\n\n\n\n<p><strong>7. \u00bfCompartiremos sus datos con terceros?<\/strong><\/p>\n\n\n\n<p>Para cumplir las finalidades indicadas en la presente Pol\u00edtica de Privacidad, es necesario que demos acceso a sus datos personales a terceras partes que nos presten apoyo en los servicios que le ofrecemos, a saber:<\/p>\n\n\n\n<ul class=\"wp-block-list\">\n<li>Entidades financieras.<\/li>\n\n\n\n<li>Entidades de detecci\u00f3n y prevenci\u00f3n de fraude.<\/li>\n\n\n\n<li>Proveedores de servicios y colaboradores de servicios (empresas de patr\u00f3n profesional, etc.) con los cuales tenemos suscritos contratos de encargado de tratamiento de datos para asegurar un nivel de protecci\u00f3n de sus datos personales adecuada a la normativa aplicable.<\/li>\n\n\n\n<li>Proveedores y colaboradores de servicios relacionados con marketing y publicidad: mailing y hosting.<\/li>\n<\/ul>\n\n\n\n<h2 class=\"wp-block-heading\"><\/h2>\n\n\n\n<p><strong>8. Derecho de las personas interesadas<\/strong><\/p>\n\n\n\n<p>La persona usuaria como interesada tiene derecho a:<\/p>\n\n\n\n<ul class=\"wp-block-list\">\n<li><strong>Derecho de informaci\u00f3n:&nbsp;<\/strong>Conocer si desde MEDCAT se est\u00e1n tratando sus datos personales.<\/li>\n\n\n\n<li><strong>Derecho de acceso:<\/strong>&nbsp;Acceder a sus datos personales.<\/li>\n\n\n\n<li><strong>Derecho de rectificaci\u00f3n:&nbsp;<\/strong>Rectificar sus datos personales, siempre y cuando sean inexactos o est\u00e9s incompletos. MEDCAT da por v\u00e1lidos los datos facilitados por las personas usuarias trav\u00e9s del correspondiente formulario, por lo que no asume ninguna responsabilidad en cuanto a los errores incurridos en el momento de facilitarlos.<\/li>\n\n\n\n<li><strong>Derecho de supresi\u00f3n y al olvido:&nbsp;<\/strong>Suprimir sus datos personales, cuando (i) los datos personales ya no sean necesarios en relaci\u00f3n con los fines con los que fueron recabados; (ii) la persona interesada retire su consentimiento para el tratamiento y no exista otra base jur\u00eddica que lo legitime; (iii) la persona interesada se oponga al tratamiento y no prevalezcan otros motivos leg\u00edtimos para seguir con \u00e9l; (iv) los datos personales hayan sido tratados il\u00edcitamente; (v) los datos personales deben suprimirse en cumplimiento de una obligaci\u00f3n legal establecida por el Derecho de la UE o de los Estados Miembros; y (vi) los datos personales se hayan obtenido cuando el interesado era menor de 14 a\u00f1os.<\/li>\n\n\n\n<li><strong>Derecho de oposici\u00f3n:&nbsp;<\/strong>Oponerse al tratamiento de los datos, siempre que concurran determinadas circunstancias y por motivos relacionados con su situaci\u00f3n particular. MEDCAT dejar\u00e1 de tratar los datos, salvo por motivos leg\u00edtimos imperiosos o para el ejercicio o la defensa de posibles reclamaciones.<\/li>\n\n\n\n<li><strong>Derecho a la portabilidad:&nbsp;<\/strong>Solicitar la portabilidad de los datos.<\/li>\n\n\n\n<li><strong>Derecho de limitaci\u00f3n al tratamiento:&nbsp;<\/strong>Retirar los consentimientos prestados a MEDCAT y restringir el tratamiento de sus datos.<\/li>\n\n\n\n<li><strong>Derecho a no ser objeto de decisiones individualizadas:<\/strong>&nbsp;Solicitar que no se tomen decisiones que se basen \u00fanicamente en el tratamiento automatizado, incluyendo la elaboraci\u00f3n de perfiles, que produzca efectos jur\u00eddicos o afecte significativamente a la persona interesada.<\/li>\n<\/ul>\n\n\n\n<h2 class=\"wp-block-heading\">&nbsp;<\/h2>\n\n\n\n<p>Las personas usuarias podr\u00e1n ejercitar sus derechos frente a MEDCAT, en cualquier momento y de forma gratuita, para ello deber\u00e1n enviarnos una comunicaci\u00f3n escrita, concretando el derecho que ejercitan junto a un documento acreditativo de su identidad (DNI\/NIE o pasaporte), a la siguiente direcci\u00f3n: Edificio El Far 2, Calle Madrid, 4, locales 4 y 5 (07820) Sant Antoni Portmany&nbsp; o por correo electr\u00f3nico&nbsp;<a href=\"mailto:info@medcatyachts.com\">info@medcatyachts.com<\/a>&nbsp;asunto MEDCAT Ejercicio de Derechos.<\/p>\n\n\n\n<p>Adicionalmente a todo lo anterior, las personas interesadas pueden reclamar ante la Agencia Espa\u00f1ola de Protecci\u00f3n de Datos, cuando consideren que MEDCAT ha vulnerado sus derechos o no ha satisfecho su ejercicio de derechos en materia de protecci\u00f3n de datos. Puede encontrar los datos de contacto de la misma a trav\u00e9s de su p\u00e1gina web:&nbsp;<a href=\"https:\/\/www.aepd.es\/es\">https:\/\/www.aepd.es\/es<\/a>&nbsp;<\/p>\n\n\n\n<h2 class=\"wp-block-heading\"><\/h2>\n\n\n\n<p><strong>9. Confidencialidad<\/strong><\/p>\n\n\n\n<p>Es pol\u00edtica de MEDCAT proteger la confidencialidad y seguridad de la informaci\u00f3n que pudiera ser obtenida en el curso de su actividad empresarial. La informaci\u00f3n enviada a MEDCAT a trav\u00e9s de esta Web o de cualquier formulario, se mantendr\u00e1 a todos los efectos en la m\u00e1s estricta confidencialidad y se tratar\u00e1 conforme a la legislaci\u00f3n europea o nacional, seg\u00fan corresponda, relativa a la privacidad de la informaci\u00f3n.<\/p>\n\n\n\n<h2 class=\"wp-block-heading\"><\/h2>\n\n\n\n<p><strong>10. Actualizaci\u00f3n de la pol\u00edtica de privacidad<\/strong><\/p>\n\n\n\n<p>MEDCAT se reserva el derecho a cambiar la presente pol\u00edtica de privacidad si lo considerase necesario. Compruebe esta p\u00e1gina habitualmente si desea mantenerse informado de los cambios.&nbsp;<\/p>\n\n\n\n<h2 class=\"wp-block-heading\">&nbsp;<\/h2>\n\n\n\n<p>\u00daltima actualizaci\u00f3n: 31\/01\/2024<\/p>\n","protected":false},"excerpt":{"rendered":"<p>MED CAT YATCHTS, S.L. (en adelante, \u201cMEDCAT\u201d) trata de respetar la privacidad de las personas usuarias aplicando pr\u00e1cticas dise\u00f1adas para proteger la privacidad de las personas usuarias de su Web. Entendemos que la informaci\u00f3n es la base de las relaciones humanas en el espacio virtual y que la recogida y el uso responsable de la [&hellip;]<\/p>\n","protected":false},"author":1,"featured_media":0,"parent":0,"menu_order":0,"comment_status":"closed","ping_status":"open","template":"","meta":{"footnotes":""},"class_list":["post-9313","page","type-page","status-publish","hentry"],"yoast_head":"<!-- This site is optimized with the Yoast SEO plugin v27.4 - https:\/\/yoast.com\/product\/yoast-seo-wordpress\/ -->\n<title>Pol\u00edtica de privacidad - MIM-OCEAN<\/title>\n<meta name=\"robots\" content=\"index, follow, max-snippet:-1, max-image-preview:large, max-video-preview:-1\" \/>\n<link rel=\"canonical\" href=\"https:\/\/mim-ocean.com\/en\/politica-privacidad\/\" \/>\n<meta property=\"og:locale\" content=\"en_US\" \/>\n<meta property=\"og:type\" content=\"article\" \/>\n<meta property=\"og:title\" content=\"Pol\u00edtica de privacidad - MIM-OCEAN\" \/>\n<meta property=\"og:description\" content=\"MED CAT YATCHTS, S.L. (en adelante, \u201cMEDCAT\u201d) trata de respetar la privacidad de las personas usuarias aplicando pr\u00e1cticas dise\u00f1adas para proteger la privacidad de las personas usuarias de su Web. Entendemos que la informaci\u00f3n es la base de las relaciones humanas en el espacio virtual y que la recogida y el uso responsable de la [&hellip;]\" \/>\n<meta property=\"og:url\" content=\"https:\/\/mim-ocean.com\/en\/politica-privacidad\/\" \/>\n<meta property=\"og:site_name\" content=\"MIM-OCEAN\" \/>\n<meta property=\"article:publisher\" content=\"https:\/\/www.facebook.com\/mimoceanofficial\/\" \/>\n<meta name=\"twitter:card\" content=\"summary_large_image\" \/>\n<meta name=\"twitter:site\" content=\"@mimoceanoficial\" \/>\n<meta name=\"twitter:label1\" content=\"Est. reading time\" \/>\n\t<meta name=\"twitter:data1\" content=\"10 minutes\" \/>\n<script type=\"application\/ld+json\" class=\"yoast-schema-graph\">{\"@context\":\"https:\\\/\\\/schema.org\",\"@graph\":[{\"@type\":\"WebPage\",\"@id\":\"https:\\\/\\\/mim-ocean.com\\\/en\\\/politica-privacidad\\\/\",\"url\":\"https:\\\/\\\/mim-ocean.com\\\/en\\\/politica-privacidad\\\/\",\"name\":\"Pol\u00edtica de privacidad - MIM-OCEAN\",\"isPartOf\":{\"@id\":\"https:\\\/\\\/mim-ocean.com\\\/#website\"},\"datePublished\":\"2023-06-19T10:17:53+00:00\",\"breadcrumb\":{\"@id\":\"https:\\\/\\\/mim-ocean.com\\\/en\\\/politica-privacidad\\\/#breadcrumb\"},\"inLanguage\":\"en-US\",\"potentialAction\":[{\"@type\":\"ReadAction\",\"target\":[\"https:\\\/\\\/mim-ocean.com\\\/en\\\/politica-privacidad\\\/\"]}]},{\"@type\":\"BreadcrumbList\",\"@id\":\"https:\\\/\\\/mim-ocean.com\\\/en\\\/politica-privacidad\\\/#breadcrumb\",\"itemListElement\":[{\"@type\":\"ListItem\",\"position\":1,\"name\":\"Portada\",\"item\":\"https:\\\/\\\/mim-ocean.com\\\/en\\\/home2\\\/\"},{\"@type\":\"ListItem\",\"position\":2,\"name\":\"Pol\u00edtica de privacidad\"}]},{\"@type\":\"WebSite\",\"@id\":\"https:\\\/\\\/mim-ocean.com\\\/#website\",\"url\":\"https:\\\/\\\/mim-ocean.com\\\/\",\"name\":\"MIM Ocean web oficial\",\"description\":\"\",\"publisher\":{\"@id\":\"https:\\\/\\\/mim-ocean.com\\\/#organization\"},\"potentialAction\":[{\"@type\":\"SearchAction\",\"target\":{\"@type\":\"EntryPoint\",\"urlTemplate\":\"https:\\\/\\\/mim-ocean.com\\\/?s={search_term_string}\"},\"query-input\":{\"@type\":\"PropertyValueSpecification\",\"valueRequired\":true,\"valueName\":\"search_term_string\"}}],\"inLanguage\":\"en-US\"},{\"@type\":\"Organization\",\"@id\":\"https:\\\/\\\/mim-ocean.com\\\/#organization\",\"name\":\"MIM Ocean\",\"url\":\"https:\\\/\\\/mim-ocean.com\\\/\",\"logo\":{\"@type\":\"ImageObject\",\"inLanguage\":\"en-US\",\"@id\":\"https:\\\/\\\/mim-ocean.com\\\/#\\\/schema\\\/logo\\\/image\\\/\",\"url\":\"https:\\\/\\\/migration.mimocean\\\/wp-content\\\/uploads\\\/2023\\\/12\\\/358521563_184125261323695_6609078395320839973_n.jpeg\",\"contentUrl\":\"https:\\\/\\\/migration.mimocean\\\/wp-content\\\/uploads\\\/2023\\\/12\\\/358521563_184125261323695_6609078395320839973_n.jpeg\",\"width\":1280,\"height\":1280,\"caption\":\"MIM Ocean\"},\"image\":{\"@id\":\"https:\\\/\\\/mim-ocean.com\\\/#\\\/schema\\\/logo\\\/image\\\/\"},\"sameAs\":[\"https:\\\/\\\/www.facebook.com\\\/mimoceanofficial\\\/\",\"https:\\\/\\\/x.com\\\/mimoceanoficial\",\"https:\\\/\\\/www.instagram.com\\\/mimoceanofficial\\\/\"]}]}<\/script>\n<!-- \/ Yoast SEO plugin. -->","yoast_head_json":{"title":"Pol\u00edtica de privacidad - MIM-OCEAN","robots":{"index":"index","follow":"follow","max-snippet":"max-snippet:-1","max-image-preview":"max-image-preview:large","max-video-preview":"max-video-preview:-1"},"canonical":"https:\/\/mim-ocean.com\/en\/politica-privacidad\/","og_locale":"en_US","og_type":"article","og_title":"Pol\u00edtica de privacidad - MIM-OCEAN","og_description":"MED CAT YATCHTS, S.L. (en adelante, \u201cMEDCAT\u201d) trata de respetar la privacidad de las personas usuarias aplicando pr\u00e1cticas dise\u00f1adas para proteger la privacidad de las personas usuarias de su Web. Entendemos que la informaci\u00f3n es la base de las relaciones humanas en el espacio virtual y que la recogida y el uso responsable de la [&hellip;]","og_url":"https:\/\/mim-ocean.com\/en\/politica-privacidad\/","og_site_name":"MIM-OCEAN","article_publisher":"https:\/\/www.facebook.com\/mimoceanofficial\/","twitter_card":"summary_large_image","twitter_site":"@mimoceanoficial","twitter_misc":{"Est. reading time":"10 minutes"},"schema":{"@context":"https:\/\/schema.org","@graph":[{"@type":"WebPage","@id":"https:\/\/mim-ocean.com\/en\/politica-privacidad\/","url":"https:\/\/mim-ocean.com\/en\/politica-privacidad\/","name":"Pol\u00edtica de privacidad - MIM-OCEAN","isPartOf":{"@id":"https:\/\/mim-ocean.com\/#website"},"datePublished":"2023-06-19T10:17:53+00:00","breadcrumb":{"@id":"https:\/\/mim-ocean.com\/en\/politica-privacidad\/#breadcrumb"},"inLanguage":"en-US","potentialAction":[{"@type":"ReadAction","target":["https:\/\/mim-ocean.com\/en\/politica-privacidad\/"]}]},{"@type":"BreadcrumbList","@id":"https:\/\/mim-ocean.com\/en\/politica-privacidad\/#breadcrumb","itemListElement":[{"@type":"ListItem","position":1,"name":"Portada","item":"https:\/\/mim-ocean.com\/en\/home2\/"},{"@type":"ListItem","position":2,"name":"Pol\u00edtica de privacidad"}]},{"@type":"WebSite","@id":"https:\/\/mim-ocean.com\/#website","url":"https:\/\/mim-ocean.com\/","name":"MIM Ocean web oficial","description":"","publisher":{"@id":"https:\/\/mim-ocean.com\/#organization"},"potentialAction":[{"@type":"SearchAction","target":{"@type":"EntryPoint","urlTemplate":"https:\/\/mim-ocean.com\/?s={search_term_string}"},"query-input":{"@type":"PropertyValueSpecification","valueRequired":true,"valueName":"search_term_string"}}],"inLanguage":"en-US"},{"@type":"Organization","@id":"https:\/\/mim-ocean.com\/#organization","name":"MIM Ocean","url":"https:\/\/mim-ocean.com\/","logo":{"@type":"ImageObject","inLanguage":"en-US","@id":"https:\/\/mim-ocean.com\/#\/schema\/logo\/image\/","url":"https:\/\/migration.mimocean\/wp-content\/uploads\/2023\/12\/358521563_184125261323695_6609078395320839973_n.jpeg","contentUrl":"https:\/\/migration.mimocean\/wp-content\/uploads\/2023\/12\/358521563_184125261323695_6609078395320839973_n.jpeg","width":1280,"height":1280,"caption":"MIM Ocean"},"image":{"@id":"https:\/\/mim-ocean.com\/#\/schema\/logo\/image\/"},"sameAs":["https:\/\/www.facebook.com\/mimoceanofficial\/","https:\/\/x.com\/mimoceanoficial","https:\/\/www.instagram.com\/mimoceanofficial\/"]}]}},"_links":{"self":[{"href":"https:\/\/mim-ocean.com\/en\/wp-json\/wp\/v2\/pages\/9313","targetHints":{"allow":["GET"]}}],"collection":[{"href":"https:\/\/mim-ocean.com\/en\/wp-json\/wp\/v2\/pages"}],"about":[{"href":"https:\/\/mim-ocean.com\/en\/wp-json\/wp\/v2\/types\/page"}],"author":[{"embeddable":true,"href":"https:\/\/mim-ocean.com\/en\/wp-json\/wp\/v2\/users\/1"}],"replies":[{"embeddable":true,"href":"https:\/\/mim-ocean.com\/en\/wp-json\/wp\/v2\/comments?post=9313"}],"version-history":[{"count":0,"href":"https:\/\/mim-ocean.com\/en\/wp-json\/wp\/v2\/pages\/9313\/revisions"}],"wp:attachment":[{"href":"https:\/\/mim-ocean.com\/en\/wp-json\/wp\/v2\/media?parent=9313"}],"curies":[{"name":"wp","href":"https:\/\/api.w.org\/{rel}","templated":true}]}}